{"id":1712,"date":"2022-03-23T16:41:18","date_gmt":"2022-03-23T15:41:18","guid":{"rendered":"https:\/\/fittinge.ch\/azfittings.com\/wp\/?page_id=1712"},"modified":"2022-05-20T14:11:54","modified_gmt":"2022-05-20T12:11:54","slug":"orbital-bogen-fuer-automatisiertes-schweissen","status":"publish","type":"page","link":"https:\/\/azfittings.com\/en\/sortiment\/orbital-bogen-fuer-automatisiertes-schweissen\/","title":{"rendered":"Orbital arches for automated welding"},"content":{"rendered":"<div data-elementor-type=\"wp-page\" data-elementor-id=\"1712\" class=\"elementor elementor-1712\" data-elementor-settings=\"{&quot;element_pack_global_tooltip_width&quot;:{&quot;unit&quot;:&quot;px&quot;,&quot;size&quot;:&quot;&quot;,&quot;sizes&quot;:[]},&quot;element_pack_global_tooltip_width_tablet&quot;:{&quot;unit&quot;:&quot;px&quot;,&quot;size&quot;:&quot;&quot;,&quot;sizes&quot;:[]},&quot;element_pack_global_tooltip_width_mobile&quot;:{&quot;unit&quot;:&quot;px&quot;,&quot;size&quot;:&quot;&quot;,&quot;sizes&quot;:[]},&quot;element_pack_global_tooltip_padding&quot;:{&quot;unit&quot;:&quot;px&quot;,&quot;top&quot;:&quot;&quot;,&quot;right&quot;:&quot;&quot;,&quot;bottom&quot;:&quot;&quot;,&quot;left&quot;:&quot;&quot;,&quot;isLinked&quot;:true},&quot;element_pack_global_tooltip_padding_tablet&quot;:{&quot;unit&quot;:&quot;px&quot;,&quot;top&quot;:&quot;&quot;,&quot;right&quot;:&quot;&quot;,&quot;bottom&quot;:&quot;&quot;,&quot;left&quot;:&quot;&quot;,&quot;isLinked&quot;:true},&quot;element_pack_global_tooltip_padding_mobile&quot;:{&quot;unit&quot;:&quot;px&quot;,&quot;top&quot;:&quot;&quot;,&quot;right&quot;:&quot;&quot;,&quot;bottom&quot;:&quot;&quot;,&quot;left&quot;:&quot;&quot;,&quot;isLinked&quot;:true},&quot;element_pack_global_tooltip_border_radius&quot;:{&quot;unit&quot;:&quot;px&quot;,&quot;top&quot;:&quot;&quot;,&quot;right&quot;:&quot;&quot;,&quot;bottom&quot;:&quot;&quot;,&quot;left&quot;:&quot;&quot;,&quot;isLinked&quot;:true},&quot;element_pack_global_tooltip_border_radius_tablet&quot;:{&quot;unit&quot;:&quot;px&quot;,&quot;top&quot;:&quot;&quot;,&quot;right&quot;:&quot;&quot;,&quot;bottom&quot;:&quot;&quot;,&quot;left&quot;:&quot;&quot;,&quot;isLinked&quot;:true},&quot;element_pack_global_tooltip_border_radius_mobile&quot;:{&quot;unit&quot;:&quot;px&quot;,&quot;top&quot;:&quot;&quot;,&quot;right&quot;:&quot;&quot;,&quot;bottom&quot;:&quot;&quot;,&quot;left&quot;:&quot;&quot;,&quot;isLinked&quot;:true}}\" data-elementor-post-type=\"page\">\n\t\t\t\t\t\t<section class=\"elementor-section elementor-top-section elementor-element elementor-element-785b9781 elementor-section-boxed elementor-section-height-default elementor-section-height-default\" data-id=\"785b9781\" data-element_type=\"section\" data-e-type=\"section\">\n\t\t\t\t\t\t<div class=\"elementor-container elementor-column-gap-default\">\n\t\t\t\t\t<div class=\"elementor-column elementor-col-100 elementor-top-column elementor-element elementor-element-55f14dd6\" data-id=\"55f14dd6\" data-element_type=\"column\" data-e-type=\"column\">\n\t\t\t<div class=\"elementor-widget-wrap elementor-element-populated\">\n\t\t\t\t\t\t<div class=\"elementor-element elementor-element-6c52f78a elementor-widget elementor-widget-text-editor\" data-id=\"6c52f78a\" data-element_type=\"widget\" data-e-type=\"widget\" data-widget_type=\"text-editor.default\">\n\t\t\t\t<div class=\"elementor-widget-container\">\n\t\t\t\t\t\t\t\t\t<p><\/p>\n<p><strong>If the focus is on weld seam quality, this can usually only be guaranteed with automated welding processes. <\/strong><\/p>\n<p><\/p>\n<p><\/p>\n<p>This enables reproducible, consistent seam quality to be achieved. The requirements for the installed pipe components are also becoming increasingly stringent. From the works certificate 2.1 to the works certificate 2.2 to the acceptance test certificate 3.1 and 3.2, these documents confirm the \"conformity of the products supplied with the requirements in the order\". Also, the inspection of raw materials for residual radioactivity has been required for longer and longer.<\/p>\n<p><\/p>\n<p><\/p>\n<p>AZ Fittings GmbH is the price leader in Switzerland for orbital elbows. The designated certificates (2.1, 2.2, 3.1, 3.2) and requirements of the food - pharmaceutical and beverage industry are daily business for us. These certificates are free of charge for our customers and can be sent at a later date. This is only possible through careful document storage in our ERP system.<\/p>\n<p><\/p>\n<p><\/p>\n<p>Wir haben die handels\u00fcblichen Normen in gr\u00f6sseren St\u00fcckzahlen in unserem Lager vorr\u00e4tig. Somit k\u00f6nnen wir schnelle Lieferungen zu top Konditionen garantieren.<\/p>\n<p><\/p>\n<p><\/p>\n<p>Orbital elbows are not only suitable for achieving the highest possible weld seam qualities, but they are also suitable for constructions that require double-jacket lines. All products that can only be conveyed by constant temperature require such a pipe. The water or other medium flowing in the outer jacket can transfer the heat to the product to be conveyed. For this purpose, AZF has also developed various solutions for the transitions between the detachable connections (flanges, valves measuring points). Please ask for an individual solution.<\/p>\n<p><\/p>\n<p><\/p>\n<p>For all products available in our warehouse, we can provide you with the CAD data for an efficient and cost-optimized production. We work with step files or all common formats which Autodesk Inventor can write out. Ask AZF for your requirements without obligation. We will be happy to advise and support you with all our possibilities and experience.\u00a0<\/p>\n<p><\/p>\t\t\t\t\t\t\t\t<\/div>\n\t\t\t\t<\/div>\n\t\t\t\t\t<\/div>\n\t\t<\/div>\n\t\t\t\t\t<\/div>\n\t\t<\/section>\n\t\t\t\t<section class=\"elementor-section elementor-top-section elementor-element elementor-element-6bca9a4 elementor-section-boxed elementor-section-height-default elementor-section-height-default\" data-id=\"6bca9a4\" data-element_type=\"section\" data-e-type=\"section\">\n\t\t\t\t\t\t<div class=\"elementor-container elementor-column-gap-default\">\n\t\t\t\t\t<div class=\"elementor-column elementor-col-100 elementor-top-column elementor-element elementor-element-4913353\" data-id=\"4913353\" data-element_type=\"column\" data-e-type=\"column\">\n\t\t\t<div class=\"elementor-widget-wrap elementor-element-populated\">\n\t\t\t\t\t\t<div class=\"elementor-element elementor-element-618a3ca elementor-align-center elementor-widget elementor-widget-button\" data-id=\"618a3ca\" data-element_type=\"widget\" data-e-type=\"widget\" data-widget_type=\"button.default\">\n\t\t\t\t<div class=\"elementor-widget-container\">\n\t\t\t\t\t\t\t\t\t<div class=\"elementor-button-wrapper\">\n\t\t\t\t\t<a class=\"elementor-button elementor-button-link elementor-size-lg\" href=\"https:\/\/azfittings.com\/en\/unternehmen\/#kontakt\" rel=\"nofollow\">\n\t\t\t\t\t\t<span class=\"elementor-button-content-wrapper\">\n\t\t\t\t\t\t<span class=\"elementor-button-icon\">\n\t\t\t\t<i aria-hidden=\"true\" class=\"fab fa-wpforms\"><\/i>\t\t\t<\/span>\n\t\t\t\t\t\t\t\t\t<span class=\"elementor-button-text\">Contact us<\/span>\n\t\t\t\t\t<\/span>\n\t\t\t\t\t<\/a>\n\t\t\t\t<\/div>\n\t\t\t\t\t\t\t\t<\/div>\n\t\t\t\t<\/div>\n\t\t\t\t\t<\/div>\n\t\t<\/div>\n\t\t\t\t\t<\/div>\n\t\t<\/section>\n\t\t\t\t<\/div>","protected":false},"excerpt":{"rendered":"<p>Steht die Schweissnahtqualit\u00e4t im Vordergrund, kann dies meistens nur mit automatisierten Schweissverfahren gew\u00e4hrleistet werden. Somit kann eine reproduzierbare, gleich bleibende Nahtqualit\u00e4t erzielt werden. Auch die Anforderungen an die verbauten Rohrbauteile werden immer h\u00f6her. Von der Werksbescheinigung 2.1 \u00fcber das Werkszeugnis 2.2 bis hin zum Abnahmepr\u00fcfzeugnis 3.1 und 3.2. Mit diesen Papieren wird die \u201e\u00dcbereinstimmung der [&hellip;]<\/p>\n","protected":false},"author":1,"featured_media":2064,"parent":102,"menu_order":4,"comment_status":"closed","ping_status":"closed","template":"","meta":{"footnotes":""},"class_list":["post-1712","page","type-page","status-publish","has-post-thumbnail","hentry"],"yoast_head":"<!-- This site is optimized with the Yoast SEO plugin v27.4 - https:\/\/yoast.com\/product\/yoast-seo-wordpress\/ -->\n<title>Orbitalb\u00f6gen by AZF GmbH<\/title>\n<meta name=\"description\" content=\"Orbitalb\u00f6gen f\u00fcr automatisiertes schweissen von AZ Fittings GmbH.\" \/>\n<meta name=\"robots\" content=\"index, follow, max-snippet:-1, max-image-preview:large, max-video-preview:-1\" \/>\n<link rel=\"canonical\" href=\"https:\/\/azfittings.com\/en\/sortiment\/orbital-bogen-fuer-automatisiertes-schweissen\/\" \/>\n<meta property=\"og:locale\" content=\"en_US\" \/>\n<meta property=\"og:type\" content=\"article\" \/>\n<meta property=\"og:title\" content=\"Orbitalb\u00f6gen by AZF GmbH\" \/>\n<meta property=\"og:description\" content=\"Orbitalb\u00f6gen f\u00fcr automatisiertes schweissen von AZ Fittings GmbH.\" \/>\n<meta property=\"og:url\" content=\"https:\/\/azfittings.com\/en\/sortiment\/orbital-bogen-fuer-automatisiertes-schweissen\/\" \/>\n<meta property=\"og:site_name\" content=\"AZ Fittings\" \/>\n<meta property=\"article:modified_time\" content=\"2022-05-20T12:11:54+00:00\" \/>\n<meta property=\"og:image\" content=\"https:\/\/azfittings.com\/wp-content\/uploads\/2022\/04\/orbital-wp_1500px-scaled.jpg\" \/>\n\t<meta property=\"og:image:width\" content=\"1920\" \/>\n\t<meta property=\"og:image:height\" content=\"1920\" \/>\n\t<meta property=\"og:image:type\" content=\"image\/jpeg\" \/>\n<meta name=\"twitter:card\" content=\"summary_large_image\" \/>\n<meta name=\"twitter:label1\" content=\"Est. reading time\" \/>\n\t<meta name=\"twitter:data1\" content=\"2 minutes\" \/>\n<script type=\"application\/ld+json\" class=\"yoast-schema-graph\">{\"@context\":\"https:\\\/\\\/schema.org\",\"@graph\":[{\"@type\":\"WebPage\",\"@id\":\"https:\\\/\\\/azfittings.com\\\/sortiment\\\/orbital-bogen-fuer-automatisiertes-schweissen\\\/\",\"url\":\"https:\\\/\\\/azfittings.com\\\/sortiment\\\/orbital-bogen-fuer-automatisiertes-schweissen\\\/\",\"name\":\"Orbitalb\u00f6gen by AZF GmbH\",\"isPartOf\":{\"@id\":\"https:\\\/\\\/azfittings.com\\\/#website\"},\"primaryImageOfPage\":{\"@id\":\"https:\\\/\\\/azfittings.com\\\/sortiment\\\/orbital-bogen-fuer-automatisiertes-schweissen\\\/#primaryimage\"},\"image\":{\"@id\":\"https:\\\/\\\/azfittings.com\\\/sortiment\\\/orbital-bogen-fuer-automatisiertes-schweissen\\\/#primaryimage\"},\"thumbnailUrl\":\"https:\\\/\\\/azfittings.com\\\/wp-content\\\/uploads\\\/2022\\\/04\\\/orbital-wp_1500px-scaled.jpg\",\"datePublished\":\"2022-03-23T15:41:18+00:00\",\"dateModified\":\"2022-05-20T12:11:54+00:00\",\"description\":\"Orbitalb\u00f6gen f\u00fcr automatisiertes schweissen von AZ Fittings GmbH.\",\"breadcrumb\":{\"@id\":\"https:\\\/\\\/azfittings.com\\\/sortiment\\\/orbital-bogen-fuer-automatisiertes-schweissen\\\/#breadcrumb\"},\"inLanguage\":\"en-US\",\"potentialAction\":[{\"@type\":\"ReadAction\",\"target\":[\"https:\\\/\\\/azfittings.com\\\/sortiment\\\/orbital-bogen-fuer-automatisiertes-schweissen\\\/\"]}]},{\"@type\":\"ImageObject\",\"inLanguage\":\"en-US\",\"@id\":\"https:\\\/\\\/azfittings.com\\\/sortiment\\\/orbital-bogen-fuer-automatisiertes-schweissen\\\/#primaryimage\",\"url\":\"https:\\\/\\\/azfittings.com\\\/wp-content\\\/uploads\\\/2022\\\/04\\\/orbital-wp_1500px-scaled.jpg\",\"contentUrl\":\"https:\\\/\\\/azfittings.com\\\/wp-content\\\/uploads\\\/2022\\\/04\\\/orbital-wp_1500px-scaled.jpg\",\"width\":1920,\"height\":1920,\"caption\":\"Fittinge\"},{\"@type\":\"BreadcrumbList\",\"@id\":\"https:\\\/\\\/azfittings.com\\\/sortiment\\\/orbital-bogen-fuer-automatisiertes-schweissen\\\/#breadcrumb\",\"itemListElement\":[{\"@type\":\"ListItem\",\"position\":1,\"name\":\"Home\",\"item\":\"https:\\\/\\\/azfittings.com\\\/\"},{\"@type\":\"ListItem\",\"position\":2,\"name\":\"Sortiment\",\"item\":\"https:\\\/\\\/azfittings.com\\\/sortiment\\\/\"},{\"@type\":\"ListItem\",\"position\":3,\"name\":\"Orbitalb\u00f6gen f\u00fcr automatisiertes schweissen\"}]},{\"@type\":\"WebSite\",\"@id\":\"https:\\\/\\\/azfittings.com\\\/#website\",\"url\":\"https:\\\/\\\/azfittings.com\\\/\",\"name\":\"AZ Fittings\",\"description\":\"Wir verbinden, was zusammengeh\u00f6rt\",\"publisher\":{\"@id\":\"https:\\\/\\\/azfittings.com\\\/#organization\"},\"potentialAction\":[{\"@type\":\"SearchAction\",\"target\":{\"@type\":\"EntryPoint\",\"urlTemplate\":\"https:\\\/\\\/azfittings.com\\\/?s={search_term_string}\"},\"query-input\":{\"@type\":\"PropertyValueSpecification\",\"valueRequired\":true,\"valueName\":\"search_term_string\"}}],\"inLanguage\":\"en-US\"},{\"@type\":\"Organization\",\"@id\":\"https:\\\/\\\/azfittings.com\\\/#organization\",\"name\":\"AZ Fittings GmbH\",\"url\":\"https:\\\/\\\/azfittings.com\\\/\",\"logo\":{\"@type\":\"ImageObject\",\"inLanguage\":\"en-US\",\"@id\":\"https:\\\/\\\/azfittings.com\\\/#\\\/schema\\\/logo\\\/image\\\/\",\"url\":\"https:\\\/\\\/azfittings.com\\\/wp-content\\\/uploads\\\/2022\\\/04\\\/cropped-Logo-Symbol.jpg\",\"contentUrl\":\"https:\\\/\\\/azfittings.com\\\/wp-content\\\/uploads\\\/2022\\\/04\\\/cropped-Logo-Symbol.jpg\",\"width\":512,\"height\":512,\"caption\":\"AZ Fittings GmbH\"},\"image\":{\"@id\":\"https:\\\/\\\/azfittings.com\\\/#\\\/schema\\\/logo\\\/image\\\/\"}}]}<\/script>\n<!-- \/ Yoast SEO plugin. -->","yoast_head_json":{"title":"Orbitalb\u00f6gen by AZF GmbH","description":"Orbitalb\u00f6gen f\u00fcr automatisiertes schweissen von AZ Fittings GmbH.","robots":{"index":"index","follow":"follow","max-snippet":"max-snippet:-1","max-image-preview":"max-image-preview:large","max-video-preview":"max-video-preview:-1"},"canonical":"https:\/\/azfittings.com\/en\/sortiment\/orbital-bogen-fuer-automatisiertes-schweissen\/","og_locale":"en_US","og_type":"article","og_title":"Orbitalb\u00f6gen by AZF GmbH","og_description":"Orbitalb\u00f6gen f\u00fcr automatisiertes schweissen von AZ Fittings GmbH.","og_url":"https:\/\/azfittings.com\/en\/sortiment\/orbital-bogen-fuer-automatisiertes-schweissen\/","og_site_name":"AZ Fittings","article_modified_time":"2022-05-20T12:11:54+00:00","og_image":[{"width":1920,"height":1920,"url":"https:\/\/azfittings.com\/wp-content\/uploads\/2022\/04\/orbital-wp_1500px-scaled.jpg","type":"image\/jpeg"}],"twitter_card":"summary_large_image","twitter_misc":{"Est. reading time":"2 minutes"},"schema":{"@context":"https:\/\/schema.org","@graph":[{"@type":"WebPage","@id":"https:\/\/azfittings.com\/sortiment\/orbital-bogen-fuer-automatisiertes-schweissen\/","url":"https:\/\/azfittings.com\/sortiment\/orbital-bogen-fuer-automatisiertes-schweissen\/","name":"Orbitalb\u00f6gen by AZF GmbH","isPartOf":{"@id":"https:\/\/azfittings.com\/#website"},"primaryImageOfPage":{"@id":"https:\/\/azfittings.com\/sortiment\/orbital-bogen-fuer-automatisiertes-schweissen\/#primaryimage"},"image":{"@id":"https:\/\/azfittings.com\/sortiment\/orbital-bogen-fuer-automatisiertes-schweissen\/#primaryimage"},"thumbnailUrl":"https:\/\/azfittings.com\/wp-content\/uploads\/2022\/04\/orbital-wp_1500px-scaled.jpg","datePublished":"2022-03-23T15:41:18+00:00","dateModified":"2022-05-20T12:11:54+00:00","description":"Orbitalb\u00f6gen f\u00fcr automatisiertes schweissen von AZ Fittings GmbH.","breadcrumb":{"@id":"https:\/\/azfittings.com\/sortiment\/orbital-bogen-fuer-automatisiertes-schweissen\/#breadcrumb"},"inLanguage":"en-US","potentialAction":[{"@type":"ReadAction","target":["https:\/\/azfittings.com\/sortiment\/orbital-bogen-fuer-automatisiertes-schweissen\/"]}]},{"@type":"ImageObject","inLanguage":"en-US","@id":"https:\/\/azfittings.com\/sortiment\/orbital-bogen-fuer-automatisiertes-schweissen\/#primaryimage","url":"https:\/\/azfittings.com\/wp-content\/uploads\/2022\/04\/orbital-wp_1500px-scaled.jpg","contentUrl":"https:\/\/azfittings.com\/wp-content\/uploads\/2022\/04\/orbital-wp_1500px-scaled.jpg","width":1920,"height":1920,"caption":"Fittinge"},{"@type":"BreadcrumbList","@id":"https:\/\/azfittings.com\/sortiment\/orbital-bogen-fuer-automatisiertes-schweissen\/#breadcrumb","itemListElement":[{"@type":"ListItem","position":1,"name":"Home","item":"https:\/\/azfittings.com\/"},{"@type":"ListItem","position":2,"name":"Sortiment","item":"https:\/\/azfittings.com\/sortiment\/"},{"@type":"ListItem","position":3,"name":"Orbitalb\u00f6gen f\u00fcr automatisiertes schweissen"}]},{"@type":"WebSite","@id":"https:\/\/azfittings.com\/#website","url":"https:\/\/azfittings.com\/","name":"AZ Fittings","description":"Wir verbinden, was zusammengeh\u00f6rt","publisher":{"@id":"https:\/\/azfittings.com\/#organization"},"potentialAction":[{"@type":"SearchAction","target":{"@type":"EntryPoint","urlTemplate":"https:\/\/azfittings.com\/?s={search_term_string}"},"query-input":{"@type":"PropertyValueSpecification","valueRequired":true,"valueName":"search_term_string"}}],"inLanguage":"en-US"},{"@type":"Organization","@id":"https:\/\/azfittings.com\/#organization","name":"AZ Fittings GmbH","url":"https:\/\/azfittings.com\/","logo":{"@type":"ImageObject","inLanguage":"en-US","@id":"https:\/\/azfittings.com\/#\/schema\/logo\/image\/","url":"https:\/\/azfittings.com\/wp-content\/uploads\/2022\/04\/cropped-Logo-Symbol.jpg","contentUrl":"https:\/\/azfittings.com\/wp-content\/uploads\/2022\/04\/cropped-Logo-Symbol.jpg","width":512,"height":512,"caption":"AZ Fittings GmbH"},"image":{"@id":"https:\/\/azfittings.com\/#\/schema\/logo\/image\/"}}]}},"_links":{"self":[{"href":"https:\/\/azfittings.com\/en\/wp-json\/wp\/v2\/pages\/1712","targetHints":{"allow":["GET"]}}],"collection":[{"href":"https:\/\/azfittings.com\/en\/wp-json\/wp\/v2\/pages"}],"about":[{"href":"https:\/\/azfittings.com\/en\/wp-json\/wp\/v2\/types\/page"}],"author":[{"embeddable":true,"href":"https:\/\/azfittings.com\/en\/wp-json\/wp\/v2\/users\/1"}],"replies":[{"embeddable":true,"href":"https:\/\/azfittings.com\/en\/wp-json\/wp\/v2\/comments?post=1712"}],"version-history":[{"count":36,"href":"https:\/\/azfittings.com\/en\/wp-json\/wp\/v2\/pages\/1712\/revisions"}],"predecessor-version":[{"id":2580,"href":"https:\/\/azfittings.com\/en\/wp-json\/wp\/v2\/pages\/1712\/revisions\/2580"}],"up":[{"embeddable":true,"href":"https:\/\/azfittings.com\/en\/wp-json\/wp\/v2\/pages\/102"}],"wp:featuredmedia":[{"embeddable":true,"href":"https:\/\/azfittings.com\/en\/wp-json\/wp\/v2\/media\/2064"}],"wp:attachment":[{"href":"https:\/\/azfittings.com\/en\/wp-json\/wp\/v2\/media?parent=1712"}],"curies":[{"name":"wp","href":"https:\/\/api.w.org\/{rel}","templated":true}]}}