{"id":1704,"date":"2022-03-23T16:33:51","date_gmt":"2022-03-23T15:33:51","guid":{"rendered":"https:\/\/fittinge.ch\/azfittings.com\/wp\/?page_id=1704"},"modified":"2022-04-27T08:05:36","modified_gmt":"2022-04-27T06:05:36","slug":"fittinge-in-allen-normgroessen","status":"publish","type":"page","link":"https:\/\/azfittings.com\/en\/sortiment\/fittinge-in-allen-normgroessen\/","title":{"rendered":"Fittings in all standard sizes"},"content":{"rendered":"<div data-elementor-type=\"wp-page\" data-elementor-id=\"1704\" class=\"elementor elementor-1704\" data-elementor-settings=\"{&quot;element_pack_global_tooltip_width&quot;:{&quot;unit&quot;:&quot;px&quot;,&quot;size&quot;:&quot;&quot;,&quot;sizes&quot;:[]},&quot;element_pack_global_tooltip_width_tablet&quot;:{&quot;unit&quot;:&quot;px&quot;,&quot;size&quot;:&quot;&quot;,&quot;sizes&quot;:[]},&quot;element_pack_global_tooltip_width_mobile&quot;:{&quot;unit&quot;:&quot;px&quot;,&quot;size&quot;:&quot;&quot;,&quot;sizes&quot;:[]},&quot;element_pack_global_tooltip_padding&quot;:{&quot;unit&quot;:&quot;px&quot;,&quot;top&quot;:&quot;&quot;,&quot;right&quot;:&quot;&quot;,&quot;bottom&quot;:&quot;&quot;,&quot;left&quot;:&quot;&quot;,&quot;isLinked&quot;:true},&quot;element_pack_global_tooltip_padding_tablet&quot;:{&quot;unit&quot;:&quot;px&quot;,&quot;top&quot;:&quot;&quot;,&quot;right&quot;:&quot;&quot;,&quot;bottom&quot;:&quot;&quot;,&quot;left&quot;:&quot;&quot;,&quot;isLinked&quot;:true},&quot;element_pack_global_tooltip_padding_mobile&quot;:{&quot;unit&quot;:&quot;px&quot;,&quot;top&quot;:&quot;&quot;,&quot;right&quot;:&quot;&quot;,&quot;bottom&quot;:&quot;&quot;,&quot;left&quot;:&quot;&quot;,&quot;isLinked&quot;:true},&quot;element_pack_global_tooltip_border_radius&quot;:{&quot;unit&quot;:&quot;px&quot;,&quot;top&quot;:&quot;&quot;,&quot;right&quot;:&quot;&quot;,&quot;bottom&quot;:&quot;&quot;,&quot;left&quot;:&quot;&quot;,&quot;isLinked&quot;:true},&quot;element_pack_global_tooltip_border_radius_tablet&quot;:{&quot;unit&quot;:&quot;px&quot;,&quot;top&quot;:&quot;&quot;,&quot;right&quot;:&quot;&quot;,&quot;bottom&quot;:&quot;&quot;,&quot;left&quot;:&quot;&quot;,&quot;isLinked&quot;:true},&quot;element_pack_global_tooltip_border_radius_mobile&quot;:{&quot;unit&quot;:&quot;px&quot;,&quot;top&quot;:&quot;&quot;,&quot;right&quot;:&quot;&quot;,&quot;bottom&quot;:&quot;&quot;,&quot;left&quot;:&quot;&quot;,&quot;isLinked&quot;:true}}\" data-elementor-post-type=\"page\">\n\t\t\t\t\t\t<section class=\"elementor-section elementor-top-section elementor-element elementor-element-7bb08db elementor-section-boxed elementor-section-height-default elementor-section-height-default\" data-id=\"7bb08db\" data-element_type=\"section\" data-e-type=\"section\">\n\t\t\t\t\t\t<div class=\"elementor-container elementor-column-gap-default\">\n\t\t\t\t\t<div class=\"elementor-column elementor-col-100 elementor-top-column elementor-element elementor-element-6039b97c\" data-id=\"6039b97c\" data-element_type=\"column\" data-e-type=\"column\">\n\t\t\t<div class=\"elementor-widget-wrap elementor-element-populated\">\n\t\t\t\t\t\t<div class=\"elementor-element elementor-element-34e0224d elementor-widget elementor-widget-text-editor\" data-id=\"34e0224d\" data-element_type=\"widget\" data-e-type=\"widget\" data-widget_type=\"text-editor.default\">\n\t\t\t\t<div class=\"elementor-widget-container\">\n\t\t\t\t\t\t\t\t\t\n<p>AZ Fittings GmbH offers its customers a complete range of stainless steel pipe fittings.<\/p>\n\n\n\n<p>The range of fittings includes all standard sizes up to DN 200. <\/p>\n\n\n\n<p>While we carry all standard sizes in our warehouse, our customers can also have custom-made products made by us. <\/p>\n\n\n\n<p>For this we only need the desired dimensions. We are also happy to take care of the correct measurement of the required individual parts. We will visit you and find the best possible solution together with you. <\/p>\n\n\n\n<p>Contact us, we will be happy to help you.<\/p>\n\n\n\n<div class=\"wp-block-buttons is-layout-flex wp-block-buttons-is-layout-flex\"><\/div>\n\n\n\n<p><\/p>\n\t\t\t\t\t\t\t\t<\/div>\n\t\t\t\t<\/div>\n\t\t\t\t\t<\/div>\n\t\t<\/div>\n\t\t\t\t\t<\/div>\n\t\t<\/section>\n\t\t\t\t<section class=\"elementor-section elementor-top-section elementor-element elementor-element-b3ed4a8 elementor-section-boxed elementor-section-height-default elementor-section-height-default\" data-id=\"b3ed4a8\" data-element_type=\"section\" data-e-type=\"section\">\n\t\t\t\t\t\t<div class=\"elementor-container elementor-column-gap-default\">\n\t\t\t\t\t<div class=\"elementor-column elementor-col-100 elementor-top-column elementor-element elementor-element-d63b45f\" data-id=\"d63b45f\" data-element_type=\"column\" data-e-type=\"column\">\n\t\t\t<div class=\"elementor-widget-wrap elementor-element-populated\">\n\t\t\t\t\t\t<div class=\"elementor-element elementor-element-c23dcff elementor-widget elementor-widget-button\" data-id=\"c23dcff\" data-element_type=\"widget\" data-e-type=\"widget\" data-widget_type=\"button.default\">\n\t\t\t\t<div class=\"elementor-widget-container\">\n\t\t\t\t\t\t\t\t\t<div class=\"elementor-button-wrapper\">\n\t\t\t\t\t<a class=\"elementor-button elementor-button-link elementor-size-lg\" href=\"https:\/\/azfittings.com\/en\/unternehmen\/#kontakt\">\n\t\t\t\t\t\t<span class=\"elementor-button-content-wrapper\">\n\t\t\t\t\t\t<span class=\"elementor-button-icon\">\n\t\t\t\t<i aria-hidden=\"true\" class=\"fab fa-wpforms\"><\/i>\t\t\t<\/span>\n\t\t\t\t\t\t\t\t\t<span class=\"elementor-button-text\">Ask us <\/span>\n\t\t\t\t\t<\/span>\n\t\t\t\t\t<\/a>\n\t\t\t\t<\/div>\n\t\t\t\t\t\t\t\t<\/div>\n\t\t\t\t<\/div>\n\t\t\t\t\t<\/div>\n\t\t<\/div>\n\t\t\t\t\t<\/div>\n\t\t<\/section>\n\t\t\t\t<\/div>","protected":false},"excerpt":{"rendered":"<p>Die AZ Fittings GmbH bietet ihren Kunden ein l\u00fcckenloses Sortiment an Rohr-Fittingen aus Edelstahl. Das Sortiment an Fittingen umfasst s\u00e4mtliche Normgr\u00f6ssen bis DN 200. W\u00e4hrend wir s\u00e4mtliche Normgr\u00f6ssen in unserem Lager f\u00fchren, k\u00f6nnen unsere Kunden bei uns auch Spezialanfertigungen herstellen lassen. Dazu ben\u00f6tigen wir lediglich die gew\u00fcnschten Masse. Gerne \u00fcbernehmen wir auch die korrekte Vermessung [&hellip;]<\/p>\n","protected":false},"author":1,"featured_media":2063,"parent":102,"menu_order":2,"comment_status":"closed","ping_status":"closed","template":"","meta":{"footnotes":""},"class_list":["post-1704","page","type-page","status-publish","has-post-thumbnail","hentry"],"yoast_head":"<!-- This site is optimized with the Yoast SEO plugin v27.4 - https:\/\/yoast.com\/product\/yoast-seo-wordpress\/ -->\n<title>Fittinge in allen Normg\u00f6ssen<\/title>\n<meta name=\"description\" content=\"Fittinge in allen Normg\u00f6ssen von AZ Fittings GmbH.\" \/>\n<meta name=\"robots\" content=\"index, follow, max-snippet:-1, max-image-preview:large, max-video-preview:-1\" \/>\n<link rel=\"canonical\" href=\"https:\/\/azfittings.com\/en\/sortiment\/fittinge-in-allen-normgroessen\/\" \/>\n<meta property=\"og:locale\" content=\"en_US\" \/>\n<meta property=\"og:type\" content=\"article\" \/>\n<meta property=\"og:title\" content=\"Fittinge in allen Normg\u00f6ssen\" \/>\n<meta property=\"og:description\" content=\"Fittinge in allen Normg\u00f6ssen von AZ Fittings GmbH.\" \/>\n<meta property=\"og:url\" content=\"https:\/\/azfittings.com\/en\/sortiment\/fittinge-in-allen-normgroessen\/\" \/>\n<meta property=\"og:site_name\" content=\"AZ Fittings\" \/>\n<meta property=\"article:modified_time\" content=\"2022-04-27T06:05:36+00:00\" \/>\n<meta property=\"og:image\" content=\"https:\/\/azfittings.com\/wp-content\/uploads\/2022\/04\/fittinge-wp_1500px.jpg\" \/>\n\t<meta property=\"og:image:width\" content=\"1500\" \/>\n\t<meta property=\"og:image:height\" content=\"1500\" \/>\n\t<meta property=\"og:image:type\" content=\"image\/jpeg\" \/>\n<meta name=\"twitter:card\" content=\"summary_large_image\" \/>\n<script type=\"application\/ld+json\" class=\"yoast-schema-graph\">{\"@context\":\"https:\\\/\\\/schema.org\",\"@graph\":[{\"@type\":\"WebPage\",\"@id\":\"https:\\\/\\\/azfittings.com\\\/sortiment\\\/fittinge-in-allen-normgroessen\\\/\",\"url\":\"https:\\\/\\\/azfittings.com\\\/sortiment\\\/fittinge-in-allen-normgroessen\\\/\",\"name\":\"Fittinge in allen Normg\u00f6ssen\",\"isPartOf\":{\"@id\":\"https:\\\/\\\/azfittings.com\\\/#website\"},\"primaryImageOfPage\":{\"@id\":\"https:\\\/\\\/azfittings.com\\\/sortiment\\\/fittinge-in-allen-normgroessen\\\/#primaryimage\"},\"image\":{\"@id\":\"https:\\\/\\\/azfittings.com\\\/sortiment\\\/fittinge-in-allen-normgroessen\\\/#primaryimage\"},\"thumbnailUrl\":\"https:\\\/\\\/azfittings.com\\\/wp-content\\\/uploads\\\/2022\\\/04\\\/fittinge-wp_1500px.jpg\",\"datePublished\":\"2022-03-23T15:33:51+00:00\",\"dateModified\":\"2022-04-27T06:05:36+00:00\",\"description\":\"Fittinge in allen Normg\u00f6ssen von AZ Fittings GmbH.\",\"breadcrumb\":{\"@id\":\"https:\\\/\\\/azfittings.com\\\/sortiment\\\/fittinge-in-allen-normgroessen\\\/#breadcrumb\"},\"inLanguage\":\"en-US\",\"potentialAction\":[{\"@type\":\"ReadAction\",\"target\":[\"https:\\\/\\\/azfittings.com\\\/sortiment\\\/fittinge-in-allen-normgroessen\\\/\"]}]},{\"@type\":\"ImageObject\",\"inLanguage\":\"en-US\",\"@id\":\"https:\\\/\\\/azfittings.com\\\/sortiment\\\/fittinge-in-allen-normgroessen\\\/#primaryimage\",\"url\":\"https:\\\/\\\/azfittings.com\\\/wp-content\\\/uploads\\\/2022\\\/04\\\/fittinge-wp_1500px.jpg\",\"contentUrl\":\"https:\\\/\\\/azfittings.com\\\/wp-content\\\/uploads\\\/2022\\\/04\\\/fittinge-wp_1500px.jpg\",\"width\":1500,\"height\":1500,\"caption\":\"Fittings\"},{\"@type\":\"BreadcrumbList\",\"@id\":\"https:\\\/\\\/azfittings.com\\\/sortiment\\\/fittinge-in-allen-normgroessen\\\/#breadcrumb\",\"itemListElement\":[{\"@type\":\"ListItem\",\"position\":1,\"name\":\"Home\",\"item\":\"https:\\\/\\\/azfittings.com\\\/\"},{\"@type\":\"ListItem\",\"position\":2,\"name\":\"Sortiment\",\"item\":\"https:\\\/\\\/azfittings.com\\\/sortiment\\\/\"},{\"@type\":\"ListItem\",\"position\":3,\"name\":\"Fittinge in allen Normgr\u00f6ssen\"}]},{\"@type\":\"WebSite\",\"@id\":\"https:\\\/\\\/azfittings.com\\\/#website\",\"url\":\"https:\\\/\\\/azfittings.com\\\/\",\"name\":\"AZ Fittings\",\"description\":\"Wir verbinden, was zusammengeh\u00f6rt\",\"publisher\":{\"@id\":\"https:\\\/\\\/azfittings.com\\\/#organization\"},\"potentialAction\":[{\"@type\":\"SearchAction\",\"target\":{\"@type\":\"EntryPoint\",\"urlTemplate\":\"https:\\\/\\\/azfittings.com\\\/?s={search_term_string}\"},\"query-input\":{\"@type\":\"PropertyValueSpecification\",\"valueRequired\":true,\"valueName\":\"search_term_string\"}}],\"inLanguage\":\"en-US\"},{\"@type\":\"Organization\",\"@id\":\"https:\\\/\\\/azfittings.com\\\/#organization\",\"name\":\"AZ Fittings GmbH\",\"url\":\"https:\\\/\\\/azfittings.com\\\/\",\"logo\":{\"@type\":\"ImageObject\",\"inLanguage\":\"en-US\",\"@id\":\"https:\\\/\\\/azfittings.com\\\/#\\\/schema\\\/logo\\\/image\\\/\",\"url\":\"https:\\\/\\\/azfittings.com\\\/wp-content\\\/uploads\\\/2022\\\/04\\\/cropped-Logo-Symbol.jpg\",\"contentUrl\":\"https:\\\/\\\/azfittings.com\\\/wp-content\\\/uploads\\\/2022\\\/04\\\/cropped-Logo-Symbol.jpg\",\"width\":512,\"height\":512,\"caption\":\"AZ Fittings GmbH\"},\"image\":{\"@id\":\"https:\\\/\\\/azfittings.com\\\/#\\\/schema\\\/logo\\\/image\\\/\"}}]}<\/script>\n<!-- \/ Yoast SEO plugin. -->","yoast_head_json":{"title":"Fittinge in allen Normg\u00f6ssen","description":"Fittinge in allen Normg\u00f6ssen von AZ Fittings GmbH.","robots":{"index":"index","follow":"follow","max-snippet":"max-snippet:-1","max-image-preview":"max-image-preview:large","max-video-preview":"max-video-preview:-1"},"canonical":"https:\/\/azfittings.com\/en\/sortiment\/fittinge-in-allen-normgroessen\/","og_locale":"en_US","og_type":"article","og_title":"Fittinge in allen Normg\u00f6ssen","og_description":"Fittinge in allen Normg\u00f6ssen von AZ Fittings GmbH.","og_url":"https:\/\/azfittings.com\/en\/sortiment\/fittinge-in-allen-normgroessen\/","og_site_name":"AZ Fittings","article_modified_time":"2022-04-27T06:05:36+00:00","og_image":[{"width":1500,"height":1500,"url":"https:\/\/azfittings.com\/wp-content\/uploads\/2022\/04\/fittinge-wp_1500px.jpg","type":"image\/jpeg"}],"twitter_card":"summary_large_image","schema":{"@context":"https:\/\/schema.org","@graph":[{"@type":"WebPage","@id":"https:\/\/azfittings.com\/sortiment\/fittinge-in-allen-normgroessen\/","url":"https:\/\/azfittings.com\/sortiment\/fittinge-in-allen-normgroessen\/","name":"Fittinge in allen Normg\u00f6ssen","isPartOf":{"@id":"https:\/\/azfittings.com\/#website"},"primaryImageOfPage":{"@id":"https:\/\/azfittings.com\/sortiment\/fittinge-in-allen-normgroessen\/#primaryimage"},"image":{"@id":"https:\/\/azfittings.com\/sortiment\/fittinge-in-allen-normgroessen\/#primaryimage"},"thumbnailUrl":"https:\/\/azfittings.com\/wp-content\/uploads\/2022\/04\/fittinge-wp_1500px.jpg","datePublished":"2022-03-23T15:33:51+00:00","dateModified":"2022-04-27T06:05:36+00:00","description":"Fittinge in allen Normg\u00f6ssen von AZ Fittings GmbH.","breadcrumb":{"@id":"https:\/\/azfittings.com\/sortiment\/fittinge-in-allen-normgroessen\/#breadcrumb"},"inLanguage":"en-US","potentialAction":[{"@type":"ReadAction","target":["https:\/\/azfittings.com\/sortiment\/fittinge-in-allen-normgroessen\/"]}]},{"@type":"ImageObject","inLanguage":"en-US","@id":"https:\/\/azfittings.com\/sortiment\/fittinge-in-allen-normgroessen\/#primaryimage","url":"https:\/\/azfittings.com\/wp-content\/uploads\/2022\/04\/fittinge-wp_1500px.jpg","contentUrl":"https:\/\/azfittings.com\/wp-content\/uploads\/2022\/04\/fittinge-wp_1500px.jpg","width":1500,"height":1500,"caption":"Fittings"},{"@type":"BreadcrumbList","@id":"https:\/\/azfittings.com\/sortiment\/fittinge-in-allen-normgroessen\/#breadcrumb","itemListElement":[{"@type":"ListItem","position":1,"name":"Home","item":"https:\/\/azfittings.com\/"},{"@type":"ListItem","position":2,"name":"Sortiment","item":"https:\/\/azfittings.com\/sortiment\/"},{"@type":"ListItem","position":3,"name":"Fittinge in allen Normgr\u00f6ssen"}]},{"@type":"WebSite","@id":"https:\/\/azfittings.com\/#website","url":"https:\/\/azfittings.com\/","name":"AZ Fittings","description":"Wir verbinden, was zusammengeh\u00f6rt","publisher":{"@id":"https:\/\/azfittings.com\/#organization"},"potentialAction":[{"@type":"SearchAction","target":{"@type":"EntryPoint","urlTemplate":"https:\/\/azfittings.com\/?s={search_term_string}"},"query-input":{"@type":"PropertyValueSpecification","valueRequired":true,"valueName":"search_term_string"}}],"inLanguage":"en-US"},{"@type":"Organization","@id":"https:\/\/azfittings.com\/#organization","name":"AZ Fittings GmbH","url":"https:\/\/azfittings.com\/","logo":{"@type":"ImageObject","inLanguage":"en-US","@id":"https:\/\/azfittings.com\/#\/schema\/logo\/image\/","url":"https:\/\/azfittings.com\/wp-content\/uploads\/2022\/04\/cropped-Logo-Symbol.jpg","contentUrl":"https:\/\/azfittings.com\/wp-content\/uploads\/2022\/04\/cropped-Logo-Symbol.jpg","width":512,"height":512,"caption":"AZ Fittings GmbH"},"image":{"@id":"https:\/\/azfittings.com\/#\/schema\/logo\/image\/"}}]}},"_links":{"self":[{"href":"https:\/\/azfittings.com\/en\/wp-json\/wp\/v2\/pages\/1704","targetHints":{"allow":["GET"]}}],"collection":[{"href":"https:\/\/azfittings.com\/en\/wp-json\/wp\/v2\/pages"}],"about":[{"href":"https:\/\/azfittings.com\/en\/wp-json\/wp\/v2\/types\/page"}],"author":[{"embeddable":true,"href":"https:\/\/azfittings.com\/en\/wp-json\/wp\/v2\/users\/1"}],"replies":[{"embeddable":true,"href":"https:\/\/azfittings.com\/en\/wp-json\/wp\/v2\/comments?post=1704"}],"version-history":[{"count":10,"href":"https:\/\/azfittings.com\/en\/wp-json\/wp\/v2\/pages\/1704\/revisions"}],"predecessor-version":[{"id":2249,"href":"https:\/\/azfittings.com\/en\/wp-json\/wp\/v2\/pages\/1704\/revisions\/2249"}],"up":[{"embeddable":true,"href":"https:\/\/azfittings.com\/en\/wp-json\/wp\/v2\/pages\/102"}],"wp:featuredmedia":[{"embeddable":true,"href":"https:\/\/azfittings.com\/en\/wp-json\/wp\/v2\/media\/2063"}],"wp:attachment":[{"href":"https:\/\/azfittings.com\/en\/wp-json\/wp\/v2\/media?parent=1704"}],"curies":[{"name":"wp","href":"https:\/\/api.w.org\/{rel}","templated":true}]}}