{"id":17,"date":"2022-01-07T11:39:16","date_gmt":"2022-01-07T10:39:16","guid":{"rendered":"https:\/\/fittinge.ch\/azfittings.com\/wp\/?page_id=17"},"modified":"2022-04-11T10:49:48","modified_gmt":"2022-04-11T08:49:48","slug":"impressum","status":"publish","type":"page","link":"https:\/\/azfittings.com\/en\/impressum\/","title":{"rendered":"Imprint"},"content":{"rendered":"<div data-elementor-type=\"wp-page\" data-elementor-id=\"17\" class=\"elementor elementor-17\" data-elementor-settings=\"{&quot;element_pack_global_tooltip_width&quot;:{&quot;unit&quot;:&quot;px&quot;,&quot;size&quot;:&quot;&quot;,&quot;sizes&quot;:[]},&quot;element_pack_global_tooltip_width_tablet&quot;:{&quot;unit&quot;:&quot;px&quot;,&quot;size&quot;:&quot;&quot;,&quot;sizes&quot;:[]},&quot;element_pack_global_tooltip_width_mobile&quot;:{&quot;unit&quot;:&quot;px&quot;,&quot;size&quot;:&quot;&quot;,&quot;sizes&quot;:[]},&quot;element_pack_global_tooltip_padding&quot;:{&quot;unit&quot;:&quot;px&quot;,&quot;top&quot;:&quot;&quot;,&quot;right&quot;:&quot;&quot;,&quot;bottom&quot;:&quot;&quot;,&quot;left&quot;:&quot;&quot;,&quot;isLinked&quot;:true},&quot;element_pack_global_tooltip_padding_tablet&quot;:{&quot;unit&quot;:&quot;px&quot;,&quot;top&quot;:&quot;&quot;,&quot;right&quot;:&quot;&quot;,&quot;bottom&quot;:&quot;&quot;,&quot;left&quot;:&quot;&quot;,&quot;isLinked&quot;:true},&quot;element_pack_global_tooltip_padding_mobile&quot;:{&quot;unit&quot;:&quot;px&quot;,&quot;top&quot;:&quot;&quot;,&quot;right&quot;:&quot;&quot;,&quot;bottom&quot;:&quot;&quot;,&quot;left&quot;:&quot;&quot;,&quot;isLinked&quot;:true},&quot;element_pack_global_tooltip_border_radius&quot;:{&quot;unit&quot;:&quot;px&quot;,&quot;top&quot;:&quot;&quot;,&quot;right&quot;:&quot;&quot;,&quot;bottom&quot;:&quot;&quot;,&quot;left&quot;:&quot;&quot;,&quot;isLinked&quot;:true},&quot;element_pack_global_tooltip_border_radius_tablet&quot;:{&quot;unit&quot;:&quot;px&quot;,&quot;top&quot;:&quot;&quot;,&quot;right&quot;:&quot;&quot;,&quot;bottom&quot;:&quot;&quot;,&quot;left&quot;:&quot;&quot;,&quot;isLinked&quot;:true},&quot;element_pack_global_tooltip_border_radius_mobile&quot;:{&quot;unit&quot;:&quot;px&quot;,&quot;top&quot;:&quot;&quot;,&quot;right&quot;:&quot;&quot;,&quot;bottom&quot;:&quot;&quot;,&quot;left&quot;:&quot;&quot;,&quot;isLinked&quot;:true}}\" data-elementor-post-type=\"page\">\n\t\t\t\t\t\t<section class=\"elementor-section elementor-top-section elementor-element elementor-element-a91c407 elementor-section-boxed elementor-section-height-default elementor-section-height-default\" data-id=\"a91c407\" data-element_type=\"section\" data-e-type=\"section\">\n\t\t\t\t\t\t<div class=\"elementor-container elementor-column-gap-default\">\n\t\t\t\t\t<div class=\"elementor-column elementor-col-100 elementor-top-column elementor-element elementor-element-1408ced\" data-id=\"1408ced\" data-element_type=\"column\" data-e-type=\"column\">\n\t\t\t<div class=\"elementor-widget-wrap elementor-element-populated\">\n\t\t\t\t\t\t<div class=\"elementor-element elementor-element-2943b03 elementor-widget elementor-widget-text-editor\" data-id=\"2943b03\" data-element_type=\"widget\" data-e-type=\"widget\" data-widget_type=\"text-editor.default\">\n\t\t\t\t<div class=\"elementor-widget-container\">\n\t\t\t\t\t\t\t\t\t<p><strong>Contact address<\/strong><br \/>AZ Fittings<br \/>Werkstrasse 1<br \/>8362 Balterswil<br \/>Schweiz<br \/>E-Mail: &#105;n&#102;o&#64;a&#x7a;f&#x69;t&#x74;i&#x6e;g&#x73;&#46;&#x63;o&#x6d;<\/p><p><strong>Authorized representative(s)<\/strong><br \/>Kevin Sch\u00f6b<\/p><p><strong>Commercial register entry<\/strong><br \/>Registered company name:<br \/>AZ Fittings GmbH<\/p><p>Company No. (UID): CHE-470.739.590<br \/>Value added tax number: CHE-470.739.590 VAT<\/p><p><strong>Disclaimer<\/strong><br \/>The author assumes no responsibility for the correctness, accuracy, timeliness, reliability and completeness of the information.<br \/>Liability claims regarding damage caused by the use of any information provided, including any kind of information which is incomplete or incorrect, will therefore be rejected.<br \/>All offers are non-binding. The author expressly reserves the right to change, supplement or delete parts of the pages or the entire offer without special notice or to cease publication temporarily or permanently.<\/p><p><strong>Disclaimer for links<\/strong><br \/>References and links to third party websites are outside our area of responsibility. Any responsibility for such websites is declined. The access and use of such websites is at the own risk of the respective user.<\/p><p><strong>Copyrights<\/strong><br \/>The copyrights and all other rights to the content, images, photos or other files on this website, belong exclusively to the company AZ Fittings or the specifically named rights holders. For the reproduction of any elements, the written consent of the copyright holder must be obtained in advance.<\/p><p>Source: <a href=\"https:\/\/www.swissanwalt.ch\/\"><span class=\"s4\">SwissAnwalt<\/span><\/a><\/p>\t\t\t\t\t\t\t\t<\/div>\n\t\t\t\t<\/div>\n\t\t\t\t\t<\/div>\n\t\t<\/div>\n\t\t\t\t\t<\/div>\n\t\t<\/section>\n\t\t\t\t<\/div>","protected":false},"excerpt":{"rendered":"<p>Kontakt-AdresseAZ FittingsWerkstrasse 18362 BalterswilSchweizE-Mail: &#x69;&#x6e;&#x66;&#x6f;&#x40;&#x61;&#x7a;&#x66;&#x69;&#x74;&#x74;&#x69;&#x6e;&#x67;&#x73;&#x2e;&#x63;&#x6f;&#x6d; Vertretungsberechtigte Person(en)Kevin Sch\u00f6b Handelsregister-EintragEingetragener Firmenname:AZ Fittings GmbH Unternehmens-Nr (UID): CHE-470.739.590Mehrwertsteuer-Nummer: CHE-470.739.590 MWST HaftungsausschlussDer Autor \u00fcbernimmt keinerlei Gew\u00e4hr hinsichtlich der inhaltlichen Richtigkeit, Genauigkeit, Aktualit\u00e4t, Zuverl\u00e4ssigkeit und Vollst\u00e4ndigkeit der Informationen.Haftungsanspr\u00fcche gegen den Autor wegen Sch\u00e4den materieller oder immaterieller Art, welche aus dem Zugriff oder der Nutzung bzw. Nichtnutzung der ver\u00f6ffentlichten Informationen, durch [&hellip;]<\/p>\n","protected":false},"author":1,"featured_media":0,"parent":0,"menu_order":99,"comment_status":"closed","ping_status":"closed","template":"","meta":{"footnotes":""},"class_list":["post-17","page","type-page","status-publish","hentry"],"yoast_head":"<!-- This site is optimized with the Yoast SEO plugin v27.4 - https:\/\/yoast.com\/product\/yoast-seo-wordpress\/ -->\n<title>AZ Fittings Impressum<\/title>\n<meta name=\"description\" content=\"Das Impressum der AZ Fittings GmbH.\" \/>\n<meta name=\"robots\" content=\"index, follow, max-snippet:-1, max-image-preview:large, max-video-preview:-1\" \/>\n<link rel=\"canonical\" href=\"https:\/\/azfittings.com\/en\/impressum\/\" \/>\n<meta property=\"og:locale\" content=\"en_US\" \/>\n<meta property=\"og:type\" content=\"article\" \/>\n<meta property=\"og:title\" content=\"AZ Fittings Impressum\" \/>\n<meta property=\"og:description\" content=\"Das Impressum der AZ Fittings GmbH.\" \/>\n<meta property=\"og:url\" content=\"https:\/\/azfittings.com\/en\/impressum\/\" \/>\n<meta property=\"og:site_name\" content=\"AZ Fittings\" \/>\n<meta property=\"article:modified_time\" content=\"2022-04-11T08:49:48+00:00\" \/>\n<meta name=\"twitter:card\" content=\"summary_large_image\" \/>\n<meta name=\"twitter:label1\" content=\"Est. reading time\" \/>\n\t<meta name=\"twitter:data1\" content=\"1 minute\" \/>\n<script type=\"application\/ld+json\" class=\"yoast-schema-graph\">{\"@context\":\"https:\\\/\\\/schema.org\",\"@graph\":[{\"@type\":\"WebPage\",\"@id\":\"https:\\\/\\\/azfittings.com\\\/impressum\\\/\",\"url\":\"https:\\\/\\\/azfittings.com\\\/impressum\\\/\",\"name\":\"AZ Fittings Impressum\",\"isPartOf\":{\"@id\":\"https:\\\/\\\/azfittings.com\\\/#website\"},\"datePublished\":\"2022-01-07T10:39:16+00:00\",\"dateModified\":\"2022-04-11T08:49:48+00:00\",\"description\":\"Das Impressum der AZ Fittings GmbH.\",\"breadcrumb\":{\"@id\":\"https:\\\/\\\/azfittings.com\\\/impressum\\\/#breadcrumb\"},\"inLanguage\":\"en-US\",\"potentialAction\":[{\"@type\":\"ReadAction\",\"target\":[\"https:\\\/\\\/azfittings.com\\\/impressum\\\/\"]}]},{\"@type\":\"BreadcrumbList\",\"@id\":\"https:\\\/\\\/azfittings.com\\\/impressum\\\/#breadcrumb\",\"itemListElement\":[{\"@type\":\"ListItem\",\"position\":1,\"name\":\"Home\",\"item\":\"https:\\\/\\\/azfittings.com\\\/\"},{\"@type\":\"ListItem\",\"position\":2,\"name\":\"Impressum\"}]},{\"@type\":\"WebSite\",\"@id\":\"https:\\\/\\\/azfittings.com\\\/#website\",\"url\":\"https:\\\/\\\/azfittings.com\\\/\",\"name\":\"AZ Fittings\",\"description\":\"Wir verbinden, was zusammengeh\u00f6rt\",\"publisher\":{\"@id\":\"https:\\\/\\\/azfittings.com\\\/#organization\"},\"potentialAction\":[{\"@type\":\"SearchAction\",\"target\":{\"@type\":\"EntryPoint\",\"urlTemplate\":\"https:\\\/\\\/azfittings.com\\\/?s={search_term_string}\"},\"query-input\":{\"@type\":\"PropertyValueSpecification\",\"valueRequired\":true,\"valueName\":\"search_term_string\"}}],\"inLanguage\":\"en-US\"},{\"@type\":\"Organization\",\"@id\":\"https:\\\/\\\/azfittings.com\\\/#organization\",\"name\":\"AZ Fittings GmbH\",\"url\":\"https:\\\/\\\/azfittings.com\\\/\",\"logo\":{\"@type\":\"ImageObject\",\"inLanguage\":\"en-US\",\"@id\":\"https:\\\/\\\/azfittings.com\\\/#\\\/schema\\\/logo\\\/image\\\/\",\"url\":\"https:\\\/\\\/azfittings.com\\\/wp-content\\\/uploads\\\/2022\\\/04\\\/cropped-Logo-Symbol.jpg\",\"contentUrl\":\"https:\\\/\\\/azfittings.com\\\/wp-content\\\/uploads\\\/2022\\\/04\\\/cropped-Logo-Symbol.jpg\",\"width\":512,\"height\":512,\"caption\":\"AZ Fittings GmbH\"},\"image\":{\"@id\":\"https:\\\/\\\/azfittings.com\\\/#\\\/schema\\\/logo\\\/image\\\/\"}}]}<\/script>\n<!-- \/ Yoast SEO plugin. -->","yoast_head_json":{"title":"AZ Fittings Impressum","description":"Das Impressum der AZ Fittings GmbH.","robots":{"index":"index","follow":"follow","max-snippet":"max-snippet:-1","max-image-preview":"max-image-preview:large","max-video-preview":"max-video-preview:-1"},"canonical":"https:\/\/azfittings.com\/en\/impressum\/","og_locale":"en_US","og_type":"article","og_title":"AZ Fittings Impressum","og_description":"Das Impressum der AZ Fittings GmbH.","og_url":"https:\/\/azfittings.com\/en\/impressum\/","og_site_name":"AZ Fittings","article_modified_time":"2022-04-11T08:49:48+00:00","twitter_card":"summary_large_image","twitter_misc":{"Est. reading time":"1 minute"},"schema":{"@context":"https:\/\/schema.org","@graph":[{"@type":"WebPage","@id":"https:\/\/azfittings.com\/impressum\/","url":"https:\/\/azfittings.com\/impressum\/","name":"AZ Fittings Impressum","isPartOf":{"@id":"https:\/\/azfittings.com\/#website"},"datePublished":"2022-01-07T10:39:16+00:00","dateModified":"2022-04-11T08:49:48+00:00","description":"Das Impressum der AZ Fittings GmbH.","breadcrumb":{"@id":"https:\/\/azfittings.com\/impressum\/#breadcrumb"},"inLanguage":"en-US","potentialAction":[{"@type":"ReadAction","target":["https:\/\/azfittings.com\/impressum\/"]}]},{"@type":"BreadcrumbList","@id":"https:\/\/azfittings.com\/impressum\/#breadcrumb","itemListElement":[{"@type":"ListItem","position":1,"name":"Home","item":"https:\/\/azfittings.com\/"},{"@type":"ListItem","position":2,"name":"Impressum"}]},{"@type":"WebSite","@id":"https:\/\/azfittings.com\/#website","url":"https:\/\/azfittings.com\/","name":"AZ Fittings","description":"Wir verbinden, was zusammengeh\u00f6rt","publisher":{"@id":"https:\/\/azfittings.com\/#organization"},"potentialAction":[{"@type":"SearchAction","target":{"@type":"EntryPoint","urlTemplate":"https:\/\/azfittings.com\/?s={search_term_string}"},"query-input":{"@type":"PropertyValueSpecification","valueRequired":true,"valueName":"search_term_string"}}],"inLanguage":"en-US"},{"@type":"Organization","@id":"https:\/\/azfittings.com\/#organization","name":"AZ Fittings GmbH","url":"https:\/\/azfittings.com\/","logo":{"@type":"ImageObject","inLanguage":"en-US","@id":"https:\/\/azfittings.com\/#\/schema\/logo\/image\/","url":"https:\/\/azfittings.com\/wp-content\/uploads\/2022\/04\/cropped-Logo-Symbol.jpg","contentUrl":"https:\/\/azfittings.com\/wp-content\/uploads\/2022\/04\/cropped-Logo-Symbol.jpg","width":512,"height":512,"caption":"AZ Fittings GmbH"},"image":{"@id":"https:\/\/azfittings.com\/#\/schema\/logo\/image\/"}}]}},"_links":{"self":[{"href":"https:\/\/azfittings.com\/en\/wp-json\/wp\/v2\/pages\/17","targetHints":{"allow":["GET"]}}],"collection":[{"href":"https:\/\/azfittings.com\/en\/wp-json\/wp\/v2\/pages"}],"about":[{"href":"https:\/\/azfittings.com\/en\/wp-json\/wp\/v2\/types\/page"}],"author":[{"embeddable":true,"href":"https:\/\/azfittings.com\/en\/wp-json\/wp\/v2\/users\/1"}],"replies":[{"embeddable":true,"href":"https:\/\/azfittings.com\/en\/wp-json\/wp\/v2\/comments?post=17"}],"version-history":[{"count":25,"href":"https:\/\/azfittings.com\/en\/wp-json\/wp\/v2\/pages\/17\/revisions"}],"predecessor-version":[{"id":2107,"href":"https:\/\/azfittings.com\/en\/wp-json\/wp\/v2\/pages\/17\/revisions\/2107"}],"wp:attachment":[{"href":"https:\/\/azfittings.com\/en\/wp-json\/wp\/v2\/media?parent=17"}],"curies":[{"name":"wp","href":"https:\/\/api.w.org\/{rel}","templated":true}]}}