{"id":1670,"date":"2022-03-23T16:12:03","date_gmt":"2022-03-23T15:12:03","guid":{"rendered":"https:\/\/fittinge.ch\/azfittings.com\/wp\/?page_id=1670"},"modified":"2022-05-24T09:46:09","modified_gmt":"2022-05-24T07:46:09","slug":"reduktionen","status":"publish","type":"page","link":"https:\/\/azfittings.com\/en\/sortiment\/reduktionen\/","title":{"rendered":"Reductions"},"content":{"rendered":"<div data-elementor-type=\"wp-page\" data-elementor-id=\"1670\" class=\"elementor elementor-1670\" data-elementor-settings=\"{&quot;element_pack_global_tooltip_width&quot;:{&quot;unit&quot;:&quot;px&quot;,&quot;size&quot;:&quot;&quot;,&quot;sizes&quot;:[]},&quot;element_pack_global_tooltip_width_tablet&quot;:{&quot;unit&quot;:&quot;px&quot;,&quot;size&quot;:&quot;&quot;,&quot;sizes&quot;:[]},&quot;element_pack_global_tooltip_width_mobile&quot;:{&quot;unit&quot;:&quot;px&quot;,&quot;size&quot;:&quot;&quot;,&quot;sizes&quot;:[]},&quot;element_pack_global_tooltip_padding&quot;:{&quot;unit&quot;:&quot;px&quot;,&quot;top&quot;:&quot;&quot;,&quot;right&quot;:&quot;&quot;,&quot;bottom&quot;:&quot;&quot;,&quot;left&quot;:&quot;&quot;,&quot;isLinked&quot;:true},&quot;element_pack_global_tooltip_padding_tablet&quot;:{&quot;unit&quot;:&quot;px&quot;,&quot;top&quot;:&quot;&quot;,&quot;right&quot;:&quot;&quot;,&quot;bottom&quot;:&quot;&quot;,&quot;left&quot;:&quot;&quot;,&quot;isLinked&quot;:true},&quot;element_pack_global_tooltip_padding_mobile&quot;:{&quot;unit&quot;:&quot;px&quot;,&quot;top&quot;:&quot;&quot;,&quot;right&quot;:&quot;&quot;,&quot;bottom&quot;:&quot;&quot;,&quot;left&quot;:&quot;&quot;,&quot;isLinked&quot;:true},&quot;element_pack_global_tooltip_border_radius&quot;:{&quot;unit&quot;:&quot;px&quot;,&quot;top&quot;:&quot;&quot;,&quot;right&quot;:&quot;&quot;,&quot;bottom&quot;:&quot;&quot;,&quot;left&quot;:&quot;&quot;,&quot;isLinked&quot;:true},&quot;element_pack_global_tooltip_border_radius_tablet&quot;:{&quot;unit&quot;:&quot;px&quot;,&quot;top&quot;:&quot;&quot;,&quot;right&quot;:&quot;&quot;,&quot;bottom&quot;:&quot;&quot;,&quot;left&quot;:&quot;&quot;,&quot;isLinked&quot;:true},&quot;element_pack_global_tooltip_border_radius_mobile&quot;:{&quot;unit&quot;:&quot;px&quot;,&quot;top&quot;:&quot;&quot;,&quot;right&quot;:&quot;&quot;,&quot;bottom&quot;:&quot;&quot;,&quot;left&quot;:&quot;&quot;,&quot;isLinked&quot;:true}}\" data-elementor-post-type=\"page\">\n\t\t\t\t\t\t<section class=\"elementor-section elementor-top-section elementor-element elementor-element-185bca75 elementor-section-boxed elementor-section-height-default elementor-section-height-default\" data-id=\"185bca75\" data-element_type=\"section\" data-e-type=\"section\">\n\t\t\t\t\t\t<div class=\"elementor-container elementor-column-gap-default\">\n\t\t\t\t\t<div class=\"elementor-column elementor-col-100 elementor-top-column elementor-element elementor-element-4bb49110\" data-id=\"4bb49110\" data-element_type=\"column\" data-e-type=\"column\">\n\t\t\t<div class=\"elementor-widget-wrap elementor-element-populated\">\n\t\t\t\t\t\t<div class=\"elementor-element elementor-element-220c77d6 elementor-widget elementor-widget-text-editor\" data-id=\"220c77d6\" data-element_type=\"widget\" data-e-type=\"widget\" data-widget_type=\"text-editor.default\">\n\t\t\t\t<div class=\"elementor-widget-container\">\n\t\t\t\t\t\t\t\t\t\n<p><strong>Weld reductions are components used to bridge from a smaller diameter to a larger one, or from a larger to a smaller one, for example from DN 50 to DN 25. In our store the reductions are available in the qualities 1.4301 or 1.4404. <\/strong><\/p>\n\n<p>Our reducers can be divided into two different types. Eccentric and concentric.<\/p>\n\n<p>In eccentric reductions, both diameters are arranged in such a way that a straight surface converges with a tightened surface. This reduction is always installed when a medium in a pipeline is to be completely drained.<\/p>\n\n<p>The concentric reduction is similar to the eccentric reduction. The difference is that both pipe connections are centric to each other. This type of reduction is mainly used for vertical pipelines.<\/p>\n\n<p>Among other things, reducers can be used to increase the flow rate in a line while maintaining the same pressure. All our reducers are externally ground to 320 grit and laser engraved. The laser engravings provide information about material quality, dimensioning and melt number.<\/p>\n\n<p>Inside we guarantee a surface quality of Ra &lt; 0.8. All our fittings are annealed after production and are therefore guaranteed stress-free. Our quality management includes various points to ensure that you as a customer can always count on the highest quality of our fittings.<\/p>\n\n<p>On request, we can also have the labels labeled according to your wishes. Send us a non-binding request. We are anxious to offer you hand.<\/p>\n\n<div class=\"wp-block-buttons is-layout-flex wp-block-buttons-is-layout-flex\">\u00a0<\/div>\n\n<p>Go directly to the reductions in our store. <a href=\"https:\/\/www.azfittings-shop.com\/index.php?language=en\" target=\"_blank\" rel=\"noreferrer noopener\">Click here for sweat reduction offers.<\/a><\/p>\n\t\t\t\t\t\t\t\t<\/div>\n\t\t\t\t<\/div>\n\t\t\t\t\t<\/div>\n\t\t<\/div>\n\t\t\t\t\t<\/div>\n\t\t<\/section>\n\t\t\t\t<section class=\"elementor-section elementor-top-section elementor-element elementor-element-3a303b4 elementor-section-boxed elementor-section-height-default elementor-section-height-default\" data-id=\"3a303b4\" data-element_type=\"section\" data-e-type=\"section\">\n\t\t\t\t\t\t<div class=\"elementor-container elementor-column-gap-default\">\n\t\t\t\t\t<div class=\"elementor-column elementor-col-100 elementor-top-column elementor-element elementor-element-5547d1f\" data-id=\"5547d1f\" data-element_type=\"column\" data-e-type=\"column\">\n\t\t\t<div class=\"elementor-widget-wrap elementor-element-populated\">\n\t\t\t\t\t\t<div class=\"elementor-element elementor-element-a4b00fc elementor-widget elementor-widget-button\" data-id=\"a4b00fc\" data-element_type=\"widget\" data-e-type=\"widget\" data-widget_type=\"button.default\">\n\t\t\t\t<div class=\"elementor-widget-container\">\n\t\t\t\t\t\t\t\t\t<div class=\"elementor-button-wrapper\">\n\t\t\t\t\t<a class=\"elementor-button elementor-button-link elementor-size-lg\" href=\"https:\/\/azfittings.com\/en\/unternehmen\/#kontakt\" rel=\"nofollow\">\n\t\t\t\t\t\t<span class=\"elementor-button-content-wrapper\">\n\t\t\t\t\t\t<span class=\"elementor-button-icon\">\n\t\t\t\t<i aria-hidden=\"true\" class=\"fab fa-wpforms\"><\/i>\t\t\t<\/span>\n\t\t\t\t\t\t\t\t\t<span class=\"elementor-button-text\">Ask us<\/span>\n\t\t\t\t\t<\/span>\n\t\t\t\t\t<\/a>\n\t\t\t\t<\/div>\n\t\t\t\t\t\t\t\t<\/div>\n\t\t\t\t<\/div>\n\t\t\t\t\t<\/div>\n\t\t<\/div>\n\t\t\t\t\t<\/div>\n\t\t<\/section>\n\t\t\t\t<\/div>","protected":false},"excerpt":{"rendered":"<p>Schweissreduzierungen sind Bauteile, die verwendet werden, um von einem kleineren Durchmesser auf einen gr\u00f6sseren zu \u00fcberbr\u00fccken, oder von einem gr\u00f6sserem auf einen kleineren, zum Beispiel von DN 50 zu DN 25. In unserem Shop sind die Reduktionen in den Qualit\u00e4ten 1.4301 oder 1.4404 verf\u00fcgbar. Unsere Reduktionen lassen sich in zwei verschiedene Bauarten unterteilen. Exzentrisch und [&hellip;]<\/p>\n","protected":false},"author":1,"featured_media":1472,"parent":102,"menu_order":1,"comment_status":"closed","ping_status":"closed","template":"","meta":{"footnotes":""},"class_list":["post-1670","page","type-page","status-publish","has-post-thumbnail","hentry"],"yoast_head":"<!-- This site is optimized with the Yoast SEO plugin v27.4 - https:\/\/yoast.com\/product\/yoast-seo-wordpress\/ -->\n<title>Reduktionen von AZ Fittings GmbH<\/title>\n<meta name=\"description\" content=\"Reduktionen f\u00fcr den Rohrleitungsbau aus Edelstahl bei AZ Fittings GmbH.\" \/>\n<meta name=\"robots\" content=\"index, follow, max-snippet:-1, max-image-preview:large, max-video-preview:-1\" \/>\n<link rel=\"canonical\" href=\"https:\/\/azfittings.com\/en\/sortiment\/reduktionen\/\" \/>\n<meta property=\"og:locale\" content=\"en_US\" \/>\n<meta property=\"og:type\" content=\"article\" \/>\n<meta property=\"og:title\" content=\"Reduktionen von AZ Fittings GmbH\" \/>\n<meta property=\"og:description\" content=\"Reduktionen f\u00fcr den Rohrleitungsbau aus Edelstahl bei AZ Fittings GmbH.\" \/>\n<meta property=\"og:url\" content=\"https:\/\/azfittings.com\/en\/sortiment\/reduktionen\/\" \/>\n<meta property=\"og:site_name\" content=\"AZ Fittings\" \/>\n<meta property=\"article:modified_time\" content=\"2022-05-24T07:46:09+00:00\" \/>\n<meta property=\"og:image\" content=\"https:\/\/azfittings.com\/wp-content\/uploads\/2022\/03\/IMG_0241.jpg\" \/>\n\t<meta property=\"og:image:width\" content=\"800\" \/>\n\t<meta property=\"og:image:height\" content=\"800\" \/>\n\t<meta property=\"og:image:type\" content=\"image\/jpeg\" \/>\n<meta name=\"twitter:card\" content=\"summary_large_image\" \/>\n<meta name=\"twitter:label1\" content=\"Est. reading time\" \/>\n\t<meta name=\"twitter:data1\" content=\"2 minutes\" \/>\n<script type=\"application\/ld+json\" class=\"yoast-schema-graph\">{\"@context\":\"https:\\\/\\\/schema.org\",\"@graph\":[{\"@type\":\"WebPage\",\"@id\":\"https:\\\/\\\/azfittings.com\\\/sortiment\\\/reduktionen\\\/\",\"url\":\"https:\\\/\\\/azfittings.com\\\/sortiment\\\/reduktionen\\\/\",\"name\":\"Reduktionen von AZ Fittings GmbH\",\"isPartOf\":{\"@id\":\"https:\\\/\\\/azfittings.com\\\/#website\"},\"primaryImageOfPage\":{\"@id\":\"https:\\\/\\\/azfittings.com\\\/sortiment\\\/reduktionen\\\/#primaryimage\"},\"image\":{\"@id\":\"https:\\\/\\\/azfittings.com\\\/sortiment\\\/reduktionen\\\/#primaryimage\"},\"thumbnailUrl\":\"https:\\\/\\\/azfittings.com\\\/wp-content\\\/uploads\\\/2022\\\/03\\\/IMG_0241.jpg\",\"datePublished\":\"2022-03-23T15:12:03+00:00\",\"dateModified\":\"2022-05-24T07:46:09+00:00\",\"description\":\"Reduktionen f\u00fcr den Rohrleitungsbau aus Edelstahl bei AZ Fittings GmbH.\",\"breadcrumb\":{\"@id\":\"https:\\\/\\\/azfittings.com\\\/sortiment\\\/reduktionen\\\/#breadcrumb\"},\"inLanguage\":\"en-US\",\"potentialAction\":[{\"@type\":\"ReadAction\",\"target\":[\"https:\\\/\\\/azfittings.com\\\/sortiment\\\/reduktionen\\\/\"]}]},{\"@type\":\"ImageObject\",\"inLanguage\":\"en-US\",\"@id\":\"https:\\\/\\\/azfittings.com\\\/sortiment\\\/reduktionen\\\/#primaryimage\",\"url\":\"https:\\\/\\\/azfittings.com\\\/wp-content\\\/uploads\\\/2022\\\/03\\\/IMG_0241.jpg\",\"contentUrl\":\"https:\\\/\\\/azfittings.com\\\/wp-content\\\/uploads\\\/2022\\\/03\\\/IMG_0241.jpg\",\"width\":800,\"height\":800,\"caption\":\"Reduktionen Typen\"},{\"@type\":\"BreadcrumbList\",\"@id\":\"https:\\\/\\\/azfittings.com\\\/sortiment\\\/reduktionen\\\/#breadcrumb\",\"itemListElement\":[{\"@type\":\"ListItem\",\"position\":1,\"name\":\"Home\",\"item\":\"https:\\\/\\\/azfittings.com\\\/\"},{\"@type\":\"ListItem\",\"position\":2,\"name\":\"Sortiment\",\"item\":\"https:\\\/\\\/azfittings.com\\\/sortiment\\\/\"},{\"@type\":\"ListItem\",\"position\":3,\"name\":\"Reduktionen\"}]},{\"@type\":\"WebSite\",\"@id\":\"https:\\\/\\\/azfittings.com\\\/#website\",\"url\":\"https:\\\/\\\/azfittings.com\\\/\",\"name\":\"AZ Fittings\",\"description\":\"Wir verbinden, was zusammengeh\u00f6rt\",\"publisher\":{\"@id\":\"https:\\\/\\\/azfittings.com\\\/#organization\"},\"potentialAction\":[{\"@type\":\"SearchAction\",\"target\":{\"@type\":\"EntryPoint\",\"urlTemplate\":\"https:\\\/\\\/azfittings.com\\\/?s={search_term_string}\"},\"query-input\":{\"@type\":\"PropertyValueSpecification\",\"valueRequired\":true,\"valueName\":\"search_term_string\"}}],\"inLanguage\":\"en-US\"},{\"@type\":\"Organization\",\"@id\":\"https:\\\/\\\/azfittings.com\\\/#organization\",\"name\":\"AZ Fittings GmbH\",\"url\":\"https:\\\/\\\/azfittings.com\\\/\",\"logo\":{\"@type\":\"ImageObject\",\"inLanguage\":\"en-US\",\"@id\":\"https:\\\/\\\/azfittings.com\\\/#\\\/schema\\\/logo\\\/image\\\/\",\"url\":\"https:\\\/\\\/azfittings.com\\\/wp-content\\\/uploads\\\/2022\\\/04\\\/cropped-Logo-Symbol.jpg\",\"contentUrl\":\"https:\\\/\\\/azfittings.com\\\/wp-content\\\/uploads\\\/2022\\\/04\\\/cropped-Logo-Symbol.jpg\",\"width\":512,\"height\":512,\"caption\":\"AZ Fittings GmbH\"},\"image\":{\"@id\":\"https:\\\/\\\/azfittings.com\\\/#\\\/schema\\\/logo\\\/image\\\/\"}}]}<\/script>\n<!-- \/ Yoast SEO plugin. -->","yoast_head_json":{"title":"Reduktionen von AZ Fittings GmbH","description":"Reduktionen f\u00fcr den Rohrleitungsbau aus Edelstahl bei AZ Fittings GmbH.","robots":{"index":"index","follow":"follow","max-snippet":"max-snippet:-1","max-image-preview":"max-image-preview:large","max-video-preview":"max-video-preview:-1"},"canonical":"https:\/\/azfittings.com\/en\/sortiment\/reduktionen\/","og_locale":"en_US","og_type":"article","og_title":"Reduktionen von AZ Fittings GmbH","og_description":"Reduktionen f\u00fcr den Rohrleitungsbau aus Edelstahl bei AZ Fittings GmbH.","og_url":"https:\/\/azfittings.com\/en\/sortiment\/reduktionen\/","og_site_name":"AZ Fittings","article_modified_time":"2022-05-24T07:46:09+00:00","og_image":[{"width":800,"height":800,"url":"https:\/\/azfittings.com\/wp-content\/uploads\/2022\/03\/IMG_0241.jpg","type":"image\/jpeg"}],"twitter_card":"summary_large_image","twitter_misc":{"Est. reading time":"2 minutes"},"schema":{"@context":"https:\/\/schema.org","@graph":[{"@type":"WebPage","@id":"https:\/\/azfittings.com\/sortiment\/reduktionen\/","url":"https:\/\/azfittings.com\/sortiment\/reduktionen\/","name":"Reduktionen von AZ Fittings GmbH","isPartOf":{"@id":"https:\/\/azfittings.com\/#website"},"primaryImageOfPage":{"@id":"https:\/\/azfittings.com\/sortiment\/reduktionen\/#primaryimage"},"image":{"@id":"https:\/\/azfittings.com\/sortiment\/reduktionen\/#primaryimage"},"thumbnailUrl":"https:\/\/azfittings.com\/wp-content\/uploads\/2022\/03\/IMG_0241.jpg","datePublished":"2022-03-23T15:12:03+00:00","dateModified":"2022-05-24T07:46:09+00:00","description":"Reduktionen f\u00fcr den Rohrleitungsbau aus Edelstahl bei AZ Fittings GmbH.","breadcrumb":{"@id":"https:\/\/azfittings.com\/sortiment\/reduktionen\/#breadcrumb"},"inLanguage":"en-US","potentialAction":[{"@type":"ReadAction","target":["https:\/\/azfittings.com\/sortiment\/reduktionen\/"]}]},{"@type":"ImageObject","inLanguage":"en-US","@id":"https:\/\/azfittings.com\/sortiment\/reduktionen\/#primaryimage","url":"https:\/\/azfittings.com\/wp-content\/uploads\/2022\/03\/IMG_0241.jpg","contentUrl":"https:\/\/azfittings.com\/wp-content\/uploads\/2022\/03\/IMG_0241.jpg","width":800,"height":800,"caption":"Reduktionen Typen"},{"@type":"BreadcrumbList","@id":"https:\/\/azfittings.com\/sortiment\/reduktionen\/#breadcrumb","itemListElement":[{"@type":"ListItem","position":1,"name":"Home","item":"https:\/\/azfittings.com\/"},{"@type":"ListItem","position":2,"name":"Sortiment","item":"https:\/\/azfittings.com\/sortiment\/"},{"@type":"ListItem","position":3,"name":"Reduktionen"}]},{"@type":"WebSite","@id":"https:\/\/azfittings.com\/#website","url":"https:\/\/azfittings.com\/","name":"AZ Fittings","description":"Wir verbinden, was zusammengeh\u00f6rt","publisher":{"@id":"https:\/\/azfittings.com\/#organization"},"potentialAction":[{"@type":"SearchAction","target":{"@type":"EntryPoint","urlTemplate":"https:\/\/azfittings.com\/?s={search_term_string}"},"query-input":{"@type":"PropertyValueSpecification","valueRequired":true,"valueName":"search_term_string"}}],"inLanguage":"en-US"},{"@type":"Organization","@id":"https:\/\/azfittings.com\/#organization","name":"AZ Fittings GmbH","url":"https:\/\/azfittings.com\/","logo":{"@type":"ImageObject","inLanguage":"en-US","@id":"https:\/\/azfittings.com\/#\/schema\/logo\/image\/","url":"https:\/\/azfittings.com\/wp-content\/uploads\/2022\/04\/cropped-Logo-Symbol.jpg","contentUrl":"https:\/\/azfittings.com\/wp-content\/uploads\/2022\/04\/cropped-Logo-Symbol.jpg","width":512,"height":512,"caption":"AZ Fittings GmbH"},"image":{"@id":"https:\/\/azfittings.com\/#\/schema\/logo\/image\/"}}]}},"_links":{"self":[{"href":"https:\/\/azfittings.com\/en\/wp-json\/wp\/v2\/pages\/1670","targetHints":{"allow":["GET"]}}],"collection":[{"href":"https:\/\/azfittings.com\/en\/wp-json\/wp\/v2\/pages"}],"about":[{"href":"https:\/\/azfittings.com\/en\/wp-json\/wp\/v2\/types\/page"}],"author":[{"embeddable":true,"href":"https:\/\/azfittings.com\/en\/wp-json\/wp\/v2\/users\/1"}],"replies":[{"embeddable":true,"href":"https:\/\/azfittings.com\/en\/wp-json\/wp\/v2\/comments?post=1670"}],"version-history":[{"count":13,"href":"https:\/\/azfittings.com\/en\/wp-json\/wp\/v2\/pages\/1670\/revisions"}],"predecessor-version":[{"id":2586,"href":"https:\/\/azfittings.com\/en\/wp-json\/wp\/v2\/pages\/1670\/revisions\/2586"}],"up":[{"embeddable":true,"href":"https:\/\/azfittings.com\/en\/wp-json\/wp\/v2\/pages\/102"}],"wp:featuredmedia":[{"embeddable":true,"href":"https:\/\/azfittings.com\/en\/wp-json\/wp\/v2\/media\/1472"}],"wp:attachment":[{"href":"https:\/\/azfittings.com\/en\/wp-json\/wp\/v2\/media?parent=1670"}],"curies":[{"name":"wp","href":"https:\/\/api.w.org\/{rel}","templated":true}]}}